{"id":2058,"date":"2025-07-11T19:52:40","date_gmt":"2025-07-11T17:52:40","guid":{"rendered":"https:\/\/clinicadentalcedema.es\/?page_id=2058"},"modified":"2026-02-13T19:10:11","modified_gmt":"2026-02-13T18:10:11","slug":"sobre-nosotros","status":"publish","type":"page","link":"https:\/\/clinicadentalcedema.es\/?page_id=2058","title":{"rendered":"Sobre Nosotros"},"content":{"rendered":"\t\t<div data-elementor-type=\"wp-page\" data-elementor-id=\"2058\" class=\"elementor elementor-2058\">\n\t\t\t\t<div class=\"elementor-element elementor-element-72214b0 e-flex e-con-boxed e-con e-parent\" data-id=\"72214b0\" data-element_type=\"container\" data-settings=\"{&quot;background_background&quot;:&quot;classic&quot;}\">\n\t\t\t\t\t<div class=\"e-con-inner\">\n\t\t\t\t<div class=\"elementor-element elementor-element-79fd358 elementor-widget elementor-widget-heading\" data-id=\"79fd358\" data-element_type=\"widget\" data-widget_type=\"heading.default\">\n\t\t\t\t<div class=\"elementor-widget-container\">\n\t\t\t\t\t<h2 class=\"elementor-heading-title elementor-size-default\">Elige CEDEMA<\/h2>\t\t\t\t<\/div>\n\t\t\t\t<\/div>\n\t\t\t\t<div class=\"elementor-element elementor-element-60269b4 elementor-widget__width-initial elementor-widget elementor-widget-text-editor\" data-id=\"60269b4\" data-element_type=\"widget\" data-widget_type=\"text-editor.default\">\n\t\t\t\t<div class=\"elementor-widget-container\">\n\t\t\t\t\t\t\t\t\t<p style=\"text-align: center;\"><span style=\"color: #19337c;\"><strong style=\"font-style: inherit;\"><span class=\"OYPEnA font-feature-liga-off font-feature-clig-off font-feature-calt-off text-decoration-none text-strikethrough-none\">Desde 1985, en CEDEMA nos dedicamos a cuidar la salud dental de toda la familia, ofreciendo una atenci\u00f3n personalizada y cercana.<\/span><\/strong><\/span><\/p>\t\t\t\t\t\t\t\t<\/div>\n\t\t\t\t<\/div>\n\t\t\t\t<div class=\"elementor-element elementor-element-a001008 elementor-widget elementor-widget-button\" data-id=\"a001008\" data-element_type=\"widget\" data-widget_type=\"button.default\">\n\t\t\t\t<div class=\"elementor-widget-container\">\n\t\t\t\t\t\t\t\t\t<div class=\"elementor-button-wrapper\">\n\t\t\t\t\t<a class=\"elementor-button elementor-button-link elementor-size-sm\" href=\"https:\/\/clinicadentalcedema.es\/?page_id=247\">\n\t\t\t\t\t\t<span class=\"elementor-button-content-wrapper\">\n\t\t\t\t\t\t<span class=\"elementor-button-icon\">\n\t\t\t\t<i aria-hidden=\"true\" class=\"fas fa-phone-square-alt\"><\/i>\t\t\t<\/span>\n\t\t\t\t\t\t\t\t\t<span class=\"elementor-button-text\">Cont\u00e1ctanos<\/span>\n\t\t\t\t\t<\/span>\n\t\t\t\t\t<\/a>\n\t\t\t\t<\/div>\n\t\t\t\t\t\t\t\t<\/div>\n\t\t\t\t<\/div>\n\t\t\t\t\t<\/div>\n\t\t\t\t<\/div>\n\t\t<div class=\"elementor-element elementor-element-c274b81 e-flex e-con-boxed e-con e-parent\" data-id=\"c274b81\" data-element_type=\"container\">\n\t\t\t\t\t<div class=\"e-con-inner\">\n\t\t\t\t<div class=\"elementor-element elementor-element-6d33a44 elementor-widget elementor-widget-spacer\" data-id=\"6d33a44\" data-element_type=\"widget\" data-widget_type=\"spacer.default\">\n\t\t\t\t<div class=\"elementor-widget-container\">\n\t\t\t\t\t\t\t<div class=\"elementor-spacer\">\n\t\t\t<div class=\"elementor-spacer-inner\"><\/div>\n\t\t<\/div>\n\t\t\t\t\t\t<\/div>\n\t\t\t\t<\/div>\n\t\t\t\t\t<\/div>\n\t\t\t\t<\/div>\n\t\t<div class=\"elementor-element elementor-element-bea94ef e-flex e-con-boxed e-con e-parent\" data-id=\"bea94ef\" data-element_type=\"container\">\n\t\t\t\t\t<div class=\"e-con-inner\">\n\t\t\t\t<div class=\"elementor-element elementor-element-a6baffe elementor-widget__width-initial elementor-widget-tablet__width-initial elementor-widget-mobile__width-initial elementor-widget elementor-widget-image\" data-id=\"a6baffe\" data-element_type=\"widget\" data-widget_type=\"image.default\">\n\t\t\t\t<div class=\"elementor-widget-container\">\n\t\t\t\t\t\t\t\t\t\t\t\t\t\t\t<img fetchpriority=\"high\" decoding=\"async\" width=\"2048\" height=\"1536\" src=\"https:\/\/clinicadentalcedema.es\/wp-content\/uploads\/2025\/06\/IMG_5001-2048x1536.jpg\" class=\"attachment-2048x2048 size-2048x2048 wp-image-2071\" alt=\"\" srcset=\"https:\/\/clinicadentalcedema.es\/wp-content\/uploads\/2025\/06\/IMG_5001-2048x1536.jpg 2048w, https:\/\/clinicadentalcedema.es\/wp-content\/uploads\/2025\/06\/IMG_5001-300x225.jpg 300w, https:\/\/clinicadentalcedema.es\/wp-content\/uploads\/2025\/06\/IMG_5001-1024x768.jpg 1024w, https:\/\/clinicadentalcedema.es\/wp-content\/uploads\/2025\/06\/IMG_5001-768x576.jpg 768w, https:\/\/clinicadentalcedema.es\/wp-content\/uploads\/2025\/06\/IMG_5001-1536x1152.jpg 1536w\" sizes=\"(max-width: 2048px) 100vw, 2048px\" \/>\t\t\t\t\t\t\t\t\t\t\t\t\t\t\t<\/div>\n\t\t\t\t<\/div>\n\t\t<div class=\"elementor-element elementor-element-d117935 e-con-full e-flex e-con e-child\" data-id=\"d117935\" data-element_type=\"container\">\n\t\t\t\t<div class=\"elementor-element elementor-element-3f5b60a elementor-widget elementor-widget-heading\" data-id=\"3f5b60a\" data-element_type=\"widget\" data-widget_type=\"heading.default\">\n\t\t\t\t<div class=\"elementor-widget-container\">\n\t\t\t\t\t<h2 class=\"elementor-heading-title elementor-size-default\">40 a\u00f1os de experiencia<\/h2>\t\t\t\t<\/div>\n\t\t\t\t<\/div>\n\t\t\t\t<div class=\"elementor-element elementor-element-206b359 elementor-widget elementor-widget-text-editor\" data-id=\"206b359\" data-element_type=\"widget\" data-widget_type=\"text-editor.default\">\n\t\t\t\t<div class=\"elementor-widget-container\">\n\t\t\t\t\t\t\t\t\t<h5>Comprometidos con tu salud dental desde 1985<\/h5>\t\t\t\t\t\t\t\t<\/div>\n\t\t\t\t<\/div>\n\t\t\t\t<div class=\"elementor-element elementor-element-7775ecd elementor-widget elementor-widget-text-editor\" data-id=\"7775ecd\" data-element_type=\"widget\" data-widget_type=\"text-editor.default\">\n\t\t\t\t<div class=\"elementor-widget-container\">\n\t\t\t\t\t\t\t\t\t<p>En cl\u00ednica dental\u00a0<strong><span style=\"color: #19337c;\">CEDEMA<\/span> <\/strong>llevamos cuatro d\u00e9cadas <span style=\"color: #19337c;\"><strong>cuidando la salud<\/strong><\/span> bucodental de generaciones <span style=\"color: #19337c;\"><strong>de<\/strong><\/span> <span style=\"color: #19337c;\"><strong>familias<\/strong><\/span>.\u00a0<\/p><p>Nuestra <span style=\"color: #19337c;\"><strong>experiencia<\/strong><\/span>, junto con un trato cercano y familiar, nos permite ofrecer <span style=\"color: #19337c;\"><strong>soluciones eficaces y seguras<\/strong><\/span>.<\/p>\t\t\t\t\t\t\t\t<\/div>\n\t\t\t\t<\/div>\n\t\t\t\t<\/div>\n\t\t\t\t\t<\/div>\n\t\t\t\t<\/div>\n\t\t<div class=\"elementor-element elementor-element-56cb6c8 e-flex e-con-boxed e-con e-parent\" data-id=\"56cb6c8\" data-element_type=\"container\">\n\t\t\t\t\t<div class=\"e-con-inner\">\n\t\t\t\t<div class=\"elementor-element elementor-element-693494b elementor-widget elementor-widget-spacer\" data-id=\"693494b\" data-element_type=\"widget\" data-widget_type=\"spacer.default\">\n\t\t\t\t<div class=\"elementor-widget-container\">\n\t\t\t\t\t\t\t<div class=\"elementor-spacer\">\n\t\t\t<div class=\"elementor-spacer-inner\"><\/div>\n\t\t<\/div>\n\t\t\t\t\t\t<\/div>\n\t\t\t\t<\/div>\n\t\t\t\t\t<\/div>\n\t\t\t\t<\/div>\n\t\t<div class=\"elementor-element elementor-element-bfec933 e-flex e-con-boxed e-con e-parent\" data-id=\"bfec933\" data-element_type=\"container\">\n\t\t\t\t\t<div class=\"e-con-inner\">\n\t\t<div class=\"elementor-element elementor-element-6ef9446 e-con-full e-flex e-con e-child\" data-id=\"6ef9446\" data-element_type=\"container\">\n\t\t\t\t<div class=\"elementor-element elementor-element-fb0cf77 elementor-widget elementor-widget-heading\" data-id=\"fb0cf77\" data-element_type=\"widget\" data-widget_type=\"heading.default\">\n\t\t\t\t<div class=\"elementor-widget-container\">\n\t\t\t\t\t<h2 class=\"elementor-heading-title elementor-size-default\">Tecnolog\u00eda avanzada<\/h2>\t\t\t\t<\/div>\n\t\t\t\t<\/div>\n\t\t\t\t<div class=\"elementor-element elementor-element-d545ba8 elementor-widget elementor-widget-text-editor\" data-id=\"d545ba8\" data-element_type=\"widget\" data-widget_type=\"text-editor.default\">\n\t\t\t\t<div class=\"elementor-widget-container\">\n\t\t\t\t\t\t\t\t\t<h5>Innovaci\u00f3n para tu bienestar<\/h5>\t\t\t\t\t\t\t\t<\/div>\n\t\t\t\t<\/div>\n\t\t\t\t<div class=\"elementor-element elementor-element-efb73d8 elementor-widget elementor-widget-text-editor\" data-id=\"efb73d8\" data-element_type=\"widget\" data-widget_type=\"text-editor.default\">\n\t\t\t\t<div class=\"elementor-widget-container\">\n\t\t\t\t\t\t\t\t\t<p>En Cl\u00ednica Dental <strong><span style=\"color: #19337c;\">CEDEMA<\/span> <\/strong>utilizamos <strong><span style=\"color: #19337c;\">tecnolog\u00eda avanzada<\/span><\/strong> y t\u00e9cnicas <strong><span style=\"color: #19337c;\">m\u00ednimamente invasivas<\/span><\/strong> para ofrecer tratamientos en implantolog\u00eda, ortodoncia, est\u00e9tica dental, endodoncia y m\u00e1s.<\/p><p>Usamos materiales de <strong><span style=\"color: #19337c;\">alta calidad<\/span><\/strong> y apostamos por la <strong><span style=\"color: #19337c;\">formaci\u00f3n continua<\/span><\/strong> de nuestro equipo para asegurar resultados <strong><span style=\"color: #19337c;\">fiables, c\u00f3modos y adaptados<\/span><\/strong> a cada paciente..<\/p>\t\t\t\t\t\t\t\t<\/div>\n\t\t\t\t<\/div>\n\t\t\t\t<\/div>\n\t\t\t\t<div class=\"elementor-element elementor-element-2b6639c elementor-widget__width-initial elementor-widget-tablet__width-initial elementor-widget-mobile__width-initial elementor-widget elementor-widget-image\" data-id=\"2b6639c\" data-element_type=\"widget\" data-widget_type=\"image.default\">\n\t\t\t\t<div class=\"elementor-widget-container\">\n\t\t\t\t\t\t\t\t\t\t\t\t\t\t\t<img decoding=\"async\" width=\"2048\" height=\"1536\" src=\"https:\/\/clinicadentalcedema.es\/wp-content\/uploads\/2025\/06\/IMG_5021-2048x1536.jpg\" class=\"attachment-2048x2048 size-2048x2048 wp-image-2070\" alt=\"\" srcset=\"https:\/\/clinicadentalcedema.es\/wp-content\/uploads\/2025\/06\/IMG_5021-2048x1536.jpg 2048w, https:\/\/clinicadentalcedema.es\/wp-content\/uploads\/2025\/06\/IMG_5021-300x225.jpg 300w, https:\/\/clinicadentalcedema.es\/wp-content\/uploads\/2025\/06\/IMG_5021-1024x768.jpg 1024w, https:\/\/clinicadentalcedema.es\/wp-content\/uploads\/2025\/06\/IMG_5021-768x576.jpg 768w, https:\/\/clinicadentalcedema.es\/wp-content\/uploads\/2025\/06\/IMG_5021-1536x1152.jpg 1536w\" sizes=\"(max-width: 2048px) 100vw, 2048px\" \/>\t\t\t\t\t\t\t\t\t\t\t\t\t\t\t<\/div>\n\t\t\t\t<\/div>\n\t\t\t\t\t<\/div>\n\t\t\t\t<\/div>\n\t\t<div class=\"elementor-element elementor-element-0589fa4 e-flex e-con-boxed e-con e-parent\" data-id=\"0589fa4\" data-element_type=\"container\">\n\t\t\t\t\t<div class=\"e-con-inner\">\n\t\t\t\t<div class=\"elementor-element elementor-element-12951c2 elementor-widget elementor-widget-spacer\" data-id=\"12951c2\" data-element_type=\"widget\" data-widget_type=\"spacer.default\">\n\t\t\t\t<div class=\"elementor-widget-container\">\n\t\t\t\t\t\t\t<div class=\"elementor-spacer\">\n\t\t\t<div class=\"elementor-spacer-inner\"><\/div>\n\t\t<\/div>\n\t\t\t\t\t\t<\/div>\n\t\t\t\t<\/div>\n\t\t\t\t\t<\/div>\n\t\t\t\t<\/div>\n\t\t<div class=\"elementor-element elementor-element-5b7a673 e-flex e-con-boxed e-con e-parent\" data-id=\"5b7a673\" data-element_type=\"container\">\n\t\t\t\t\t<div class=\"e-con-inner\">\n\t\t\t\t<div class=\"elementor-element elementor-element-620fb17 elementor-widget__width-initial elementor-widget-tablet__width-initial elementor-widget-mobile__width-initial elementor-widget elementor-widget-image\" data-id=\"620fb17\" data-element_type=\"widget\" data-widget_type=\"image.default\">\n\t\t\t\t<div class=\"elementor-widget-container\">\n\t\t\t\t\t\t\t\t\t\t\t\t\t\t\t<img decoding=\"async\" width=\"1024\" height=\"768\" src=\"https:\/\/clinicadentalcedema.es\/wp-content\/uploads\/2025\/02\/IMG_5052-1024x768.jpg\" class=\"attachment-large size-large wp-image-1782\" alt=\"\" srcset=\"https:\/\/clinicadentalcedema.es\/wp-content\/uploads\/2025\/02\/IMG_5052-1024x768.jpg 1024w, https:\/\/clinicadentalcedema.es\/wp-content\/uploads\/2025\/02\/IMG_5052-300x225.jpg 300w, https:\/\/clinicadentalcedema.es\/wp-content\/uploads\/2025\/02\/IMG_5052-768x576.jpg 768w, https:\/\/clinicadentalcedema.es\/wp-content\/uploads\/2025\/02\/IMG_5052-1536x1152.jpg 1536w, https:\/\/clinicadentalcedema.es\/wp-content\/uploads\/2025\/02\/IMG_5052-2048x1536.jpg 2048w\" sizes=\"(max-width: 1024px) 100vw, 1024px\" \/>\t\t\t\t\t\t\t\t\t\t\t\t\t\t\t<\/div>\n\t\t\t\t<\/div>\n\t\t<div class=\"elementor-element elementor-element-61fe98b e-con-full e-flex e-con e-child\" data-id=\"61fe98b\" data-element_type=\"container\">\n\t\t\t\t<div class=\"elementor-element elementor-element-757514e elementor-widget elementor-widget-heading\" data-id=\"757514e\" data-element_type=\"widget\" data-widget_type=\"heading.default\">\n\t\t\t\t<div class=\"elementor-widget-container\">\n\t\t\t\t\t<h2 class=\"elementor-heading-title elementor-size-default\">Atenci\u00f3n personalizada<\/h2>\t\t\t\t<\/div>\n\t\t\t\t<\/div>\n\t\t\t\t<div class=\"elementor-element elementor-element-86b04b2 elementor-widget elementor-widget-text-editor\" data-id=\"86b04b2\" data-element_type=\"widget\" data-widget_type=\"text-editor.default\">\n\t\t\t\t<div class=\"elementor-widget-container\">\n\t\t\t\t\t\t\t\t\t<h5>Cercan\u00eda y compromiso en cada tratamiento<\/h5>\t\t\t\t\t\t\t\t<\/div>\n\t\t\t\t<\/div>\n\t\t\t\t<div class=\"elementor-element elementor-element-faad1c1 elementor-widget elementor-widget-text-editor\" data-id=\"faad1c1\" data-element_type=\"widget\" data-widget_type=\"text-editor.default\">\n\t\t\t\t<div class=\"elementor-widget-container\">\n\t\t\t\t\t\t\t\t\t<p>En Cl\u00ednica Dental CEDEMA sabemos que cada paciente es \u00fanico. Por eso, ofrecemos una atenci\u00f3n \u00a0<strong><span style=\"color: #19337c;\">r\u00e1pida<\/span><\/strong>, con <strong><span style=\"color: #19337c;\">horarios amplios<\/span><\/strong> y <strong><span style=\"color: #19337c;\">facilidades de pago<\/span><\/strong>\u00a0.<\/p><p>Nos esforzamos por garantizar un servicio <strong><span style=\"color: #19337c;\">r\u00e1pido, cercano y<\/span><\/strong> <strong><span style=\"color: #19337c;\">ajustado a las\u00a0necesidades<\/span><\/strong>, resolviendo cualquier urgencia con prioridad.<\/p>\t\t\t\t\t\t\t\t<\/div>\n\t\t\t\t<\/div>\n\t\t\t\t<\/div>\n\t\t\t\t\t<\/div>\n\t\t\t\t<\/div>\n\t\t<div class=\"elementor-element elementor-element-0b40107 e-flex e-con-boxed e-con e-parent\" data-id=\"0b40107\" data-element_type=\"container\">\n\t\t\t\t\t<div class=\"e-con-inner\">\n\t\t\t\t<div class=\"elementor-element elementor-element-92bbc4b elementor-widget elementor-widget-spacer\" data-id=\"92bbc4b\" data-element_type=\"widget\" data-widget_type=\"spacer.default\">\n\t\t\t\t<div class=\"elementor-widget-container\">\n\t\t\t\t\t\t\t<div class=\"elementor-spacer\">\n\t\t\t<div class=\"elementor-spacer-inner\"><\/div>\n\t\t<\/div>\n\t\t\t\t\t\t<\/div>\n\t\t\t\t<\/div>\n\t\t\t\t\t<\/div>\n\t\t\t\t<\/div>\n\t\t<div class=\"elementor-element elementor-element-bd0a912 e-flex e-con-boxed e-con e-parent\" data-id=\"bd0a912\" data-element_type=\"container\" data-settings=\"{&quot;background_background&quot;:&quot;classic&quot;}\">\n\t\t\t\t\t<div class=\"e-con-inner\">\n\t\t\t\t<div class=\"elementor-element elementor-element-cf1a950 elementor-widget elementor-widget-heading\" data-id=\"cf1a950\" data-element_type=\"widget\" data-widget_type=\"heading.default\">\n\t\t\t\t<div class=\"elementor-widget-container\">\n\t\t\t\t\t<h2 class=\"elementor-heading-title elementor-size-default\">\u00bfPor qu\u00e9 elegir CEDEMA?<\/h2>\t\t\t\t<\/div>\n\t\t\t\t<\/div>\n\t\t\t\t\t<\/div>\n\t\t\t\t<\/div>\n\t\t<div class=\"elementor-element elementor-element-0c581af e-flex e-con-boxed e-con e-parent\" data-id=\"0c581af\" data-element_type=\"container\" data-settings=\"{&quot;background_background&quot;:&quot;classic&quot;}\">\n\t\t\t\t\t<div class=\"e-con-inner\">\n\t\t<div class=\"elementor-element elementor-element-920980a e-con-full e-flex e-con e-child\" data-id=\"920980a\" data-element_type=\"container\">\n\t\t\t\t<div class=\"elementor-element elementor-element-13bde5e elementor-view-default elementor-widget elementor-widget-icon\" data-id=\"13bde5e\" data-element_type=\"widget\" data-widget_type=\"icon.default\">\n\t\t\t\t<div class=\"elementor-widget-container\">\n\t\t\t\t\t\t\t<div class=\"elementor-icon-wrapper\">\n\t\t\t<div class=\"elementor-icon\">\n\t\t\t<i aria-hidden=\"true\" class=\"fas fa-users\"><\/i>\t\t\t<\/div>\n\t\t<\/div>\n\t\t\t\t\t\t<\/div>\n\t\t\t\t<\/div>\n\t\t\t\t<div class=\"elementor-element elementor-element-6acf60a elementor-widget__width-initial elementor-widget elementor-widget-heading\" data-id=\"6acf60a\" data-element_type=\"widget\" data-widget_type=\"heading.default\">\n\t\t\t\t<div class=\"elementor-widget-container\">\n\t\t\t\t\t<h2 class=\"elementor-heading-title elementor-size-default\">Atenci\u00f3n para todas las edades<\/h2>\t\t\t\t<\/div>\n\t\t\t\t<\/div>\n\t\t\t\t<div class=\"elementor-element elementor-element-70304dc elementor-widget elementor-widget-text-editor\" data-id=\"70304dc\" data-element_type=\"widget\" data-widget_type=\"text-editor.default\">\n\t\t\t\t<div class=\"elementor-widget-container\">\n\t\t\t\t\t\t\t\t\t<p>Desde la infancia hasta la adultez, adaptamos cada tratamiento dental a las necesidades espec\u00edficas de cada paciente, con un enfoque cercano y profesional.<\/p>\t\t\t\t\t\t\t\t<\/div>\n\t\t\t\t<\/div>\n\t\t\t\t<\/div>\n\t\t<div class=\"elementor-element elementor-element-fe6878c e-con-full e-flex e-con e-child\" data-id=\"fe6878c\" data-element_type=\"container\">\n\t\t\t\t<div class=\"elementor-element elementor-element-900d206 elementor-view-default elementor-widget elementor-widget-icon\" data-id=\"900d206\" data-element_type=\"widget\" data-widget_type=\"icon.default\">\n\t\t\t\t<div class=\"elementor-widget-container\">\n\t\t\t\t\t\t\t<div class=\"elementor-icon-wrapper\">\n\t\t\t<div class=\"elementor-icon\">\n\t\t\t<i aria-hidden=\"true\" class=\"fas fa-map-pin\"><\/i>\t\t\t<\/div>\n\t\t<\/div>\n\t\t\t\t\t\t<\/div>\n\t\t\t\t<\/div>\n\t\t\t\t<div class=\"elementor-element elementor-element-a0bd74a elementor-widget__width-initial elementor-widget elementor-widget-heading\" data-id=\"a0bd74a\" data-element_type=\"widget\" data-widget_type=\"heading.default\">\n\t\t\t\t<div class=\"elementor-widget-container\">\n\t\t\t\t\t<h2 class=\"elementor-heading-title elementor-size-default\">Tres cl\u00ednicas <br>a tu disposici\u00f3n<\/h2>\t\t\t\t<\/div>\n\t\t\t\t<\/div>\n\t\t\t\t<div class=\"elementor-element elementor-element-11a597b elementor-widget elementor-widget-text-editor\" data-id=\"11a597b\" data-element_type=\"widget\" data-widget_type=\"text-editor.default\">\n\t\t\t\t<div class=\"elementor-widget-container\">\n\t\t\t\t\t\t\t\t\t<p>Estamos cerca de ti.<\/p>\n<p>Contamos con tres cl\u00ednicas dentales en Madrid para ofrecerte una atenci\u00f3n accesible y sin desplazamientos innecesarios.<\/p>\t\t\t\t\t\t\t\t<\/div>\n\t\t\t\t<\/div>\n\t\t\t\t<\/div>\n\t\t<div class=\"elementor-element elementor-element-d341d97 e-con-full e-flex e-con e-child\" data-id=\"d341d97\" data-element_type=\"container\">\n\t\t\t\t<div class=\"elementor-element elementor-element-df8bce1 elementor-view-default elementor-widget elementor-widget-icon\" data-id=\"df8bce1\" data-element_type=\"widget\" data-widget_type=\"icon.default\">\n\t\t\t\t<div class=\"elementor-widget-container\">\n\t\t\t\t\t\t\t<div class=\"elementor-icon-wrapper\">\n\t\t\t<div class=\"elementor-icon\">\n\t\t\t<i aria-hidden=\"true\" class=\"fas fa-coins\"><\/i>\t\t\t<\/div>\n\t\t<\/div>\n\t\t\t\t\t\t<\/div>\n\t\t\t\t<\/div>\n\t\t\t\t<div class=\"elementor-element elementor-element-8027b25 elementor-widget__width-initial elementor-widget elementor-widget-heading\" data-id=\"8027b25\" data-element_type=\"widget\" data-widget_type=\"heading.default\">\n\t\t\t\t<div class=\"elementor-widget-container\">\n\t\t\t\t\t<h2 class=\"elementor-heading-title elementor-size-default\">Pagos<br>a tu medida<\/h2>\t\t\t\t<\/div>\n\t\t\t\t<\/div>\n\t\t\t\t<div class=\"elementor-element elementor-element-1faf83a elementor-widget elementor-widget-text-editor\" data-id=\"1faf83a\" data-element_type=\"widget\" data-widget_type=\"text-editor.default\">\n\t\t\t\t<div class=\"elementor-widget-container\">\n\t\t\t\t\t\t\t\t\t<p>Disponemos de opciones de financiaci\u00f3n personalizadas para facilitar el acceso a los tratamientos.\u00a0Consulta condiciones en nuestros centros.<\/p>\t\t\t\t\t\t\t\t<\/div>\n\t\t\t\t<\/div>\n\t\t\t\t<\/div>\n\t\t<div class=\"elementor-element elementor-element-b222b13 e-con-full e-flex e-con e-child\" data-id=\"b222b13\" data-element_type=\"container\">\n\t\t\t\t<div class=\"elementor-element elementor-element-926a539 elementor-view-default elementor-widget elementor-widget-icon\" data-id=\"926a539\" data-element_type=\"widget\" data-widget_type=\"icon.default\">\n\t\t\t\t<div class=\"elementor-widget-container\">\n\t\t\t\t\t\t\t<div class=\"elementor-icon-wrapper\">\n\t\t\t<div class=\"elementor-icon\">\n\t\t\t<i aria-hidden=\"true\" class=\"fas fa-check-circle\"><\/i>\t\t\t<\/div>\n\t\t<\/div>\n\t\t\t\t\t\t<\/div>\n\t\t\t\t<\/div>\n\t\t\t\t<div class=\"elementor-element elementor-element-4eeb249 elementor-widget__width-initial elementor-widget elementor-widget-heading\" data-id=\"4eeb249\" data-element_type=\"widget\" data-widget_type=\"heading.default\">\n\t\t\t\t<div class=\"elementor-widget-container\">\n\t\t\t\t\t<h2 class=\"elementor-heading-title elementor-size-default\">Compromiso post-tratamiento<\/h2>\t\t\t\t<\/div>\n\t\t\t\t<\/div>\n\t\t\t\t<div class=\"elementor-element elementor-element-badef13 elementor-widget elementor-widget-text-editor\" data-id=\"badef13\" data-element_type=\"widget\" data-widget_type=\"text-editor.default\">\n\t\t\t\t<div class=\"elementor-widget-container\">\n\t\t\t\t\t\t\t\t\t<p>Te acompa\u00f1amos despu\u00e9s de cada intervenci\u00f3n.\u00a0Si surge cualquier duda o incidencia, estamos a tu disposici\u00f3n para orientarte y ofrecerte la asistencia que necesites.<\/p>\t\t\t\t\t\t\t\t<\/div>\n\t\t\t\t<\/div>\n\t\t\t\t<\/div>\n\t\t\t\t\t<\/div>\n\t\t\t\t<\/div>\n\t\t\t\t<\/div>\n\t\t","protected":false},"excerpt":{"rendered":"<p>Elige CEDEMA Desde 1985, en CEDEMA nos dedicamos a cuidar la salud dental de toda la familia, ofreciendo una atenci\u00f3n personalizada y cercana. Cont\u00e1ctanos 40 a\u00f1os de experiencia Comprometidos con tu salud dental desde 1985 En cl\u00ednica dental\u00a0CEDEMA llevamos cuatro d\u00e9cadas cuidando la salud bucodental de generaciones de familias.\u00a0 Nuestra experiencia, junto con un trato &hellip;<\/p>\n<p class=\"read-more\"> <a class=\"\" href=\"https:\/\/clinicadentalcedema.es\/?page_id=2058\"> <span class=\"screen-reader-text\">Sobre Nosotros<\/span> Leer m\u00e1s &raquo;<\/a><\/p>\n","protected":false},"author":1,"featured_media":0,"parent":0,"menu_order":0,"comment_status":"closed","ping_status":"closed","template":"","meta":{"site-sidebar-layout":"no-sidebar","site-content-layout":"page-builder","ast-site-content-layout":"full-width-container","site-content-style":"unboxed","site-sidebar-style":"unboxed","ast-global-header-display":"","ast-banner-title-visibility":"","ast-main-header-display":"","ast-hfb-above-header-display":"","ast-hfb-below-header-display":"","ast-hfb-mobile-header-display":"","site-post-title":"disabled","ast-breadcrumbs-content":"","ast-featured-img":"disabled","footer-sml-layout":"","theme-transparent-header-meta":"","adv-header-id-meta":"","stick-header-meta":"","header-above-stick-meta":"","header-main-stick-meta":"","header-below-stick-meta":"","astra-migrate-meta-layouts":"set","ast-page-background-enabled":"default","ast-page-background-meta":{"desktop":{"background-color":"","background-image":"","background-repeat":"repeat","background-position":"center center","background-size":"auto","background-attachment":"scroll","background-type":"","background-media":"","overlay-type":"","overlay-color":"","overlay-gradient":""},"tablet":{"background-color":"","background-image":"","background-repeat":"repeat","background-position":"center center","background-size":"auto","background-attachment":"scroll","background-type":"","background-media":"","overlay-type":"","overlay-color":"","overlay-gradient":""},"mobile":{"background-color":"","background-image":"","background-repeat":"repeat","background-position":"center center","background-size":"auto","background-attachment":"scroll","background-type":"","background-media":"","overlay-type":"","overlay-color":"","overlay-gradient":""}},"ast-content-background-meta":{"desktop":{"background-color":"var(--ast-global-color-5)","background-image":"","background-repeat":"repeat","background-position":"center center","background-size":"auto","background-attachment":"scroll","background-type":"","background-media":"","overlay-type":"","overlay-color":"","overlay-gradient":""},"tablet":{"background-color":"var(--ast-global-color-5)","background-image":"","background-repeat":"repeat","background-position":"center center","background-size":"auto","background-attachment":"scroll","background-type":"","background-media":"","overlay-type":"","overlay-color":"","overlay-gradient":""},"mobile":{"background-color":"var(--ast-global-color-5)","background-image":"","background-repeat":"repeat","background-position":"center center","background-size":"auto","background-attachment":"scroll","background-type":"","background-media":"","overlay-type":"","overlay-color":"","overlay-gradient":""}},"footnotes":""},"_links":{"self":[{"href":"https:\/\/clinicadentalcedema.es\/index.php?rest_route=\/wp\/v2\/pages\/2058"}],"collection":[{"href":"https:\/\/clinicadentalcedema.es\/index.php?rest_route=\/wp\/v2\/pages"}],"about":[{"href":"https:\/\/clinicadentalcedema.es\/index.php?rest_route=\/wp\/v2\/types\/page"}],"author":[{"embeddable":true,"href":"https:\/\/clinicadentalcedema.es\/index.php?rest_route=\/wp\/v2\/users\/1"}],"replies":[{"embeddable":true,"href":"https:\/\/clinicadentalcedema.es\/index.php?rest_route=%2Fwp%2Fv2%2Fcomments&post=2058"}],"version-history":[{"count":33,"href":"https:\/\/clinicadentalcedema.es\/index.php?rest_route=\/wp\/v2\/pages\/2058\/revisions"}],"predecessor-version":[{"id":2278,"href":"https:\/\/clinicadentalcedema.es\/index.php?rest_route=\/wp\/v2\/pages\/2058\/revisions\/2278"}],"wp:attachment":[{"href":"https:\/\/clinicadentalcedema.es\/index.php?rest_route=%2Fwp%2Fv2%2Fmedia&parent=2058"}],"curies":[{"name":"wp","href":"https:\/\/api.w.org\/{rel}","templated":true}]}}